{"id":1840,"date":"2021-12-22T16:11:53","date_gmt":"2021-12-22T16:11:53","guid":{"rendered":"https:\/\/hagsdesign.com\/contactos\/"},"modified":"2023-06-19T14:34:48","modified_gmt":"2023-06-19T14:34:48","slug":"contacts","status":"publish","type":"page","link":"https:\/\/hagsdesign.com\/en\/contacts\/","title":{"rendered":"Contacts"},"content":{"rendered":"<div class=\"wpb-content-wrapper\"><p>[vc_row wrap_container=&#8221;yes&#8221; css=&#8221;.vc_custom_1640193100758{margin-bottom: 50px !important;}&#8221;][vc_column]<div class=\"porto-u-heading  wpb_custom_95aa9a11c17ad45cfabaf210d84ee7cc porto-u-55ca8359258f9a412be7e73af65d2aac \"><div class=\"porto-u-main-heading\"><h2  >Contacts<\/h2><\/div><div class=\"porto-u-sub-heading\" style=\"margin-bottom:25px;\">\n<h3>Fill in the form, and within 24 hours we will answer your questions.<\/h3>\n<p><\/div><style>.porto-u-55ca8359258f9a412be7e73af65d2aac.porto-u-heading{text-align:center}<\/style><\/div>[vc_empty_space height=&#8221;25px&#8221;]<div class=\"wpforms-container wpforms-container-full\" id=\"wpforms-666\"><form id=\"wpforms-form-666\" class=\"wpforms-validate wpforms-form\" data-formid=\"666\" method=\"post\" enctype=\"multipart\/form-data\" action=\"\/en\/wp-json\/wp\/v2\/pages\/1840\" data-token=\"31a5b10189005263d0cf53513fab3b30\" data-token-time=\"1775410405\"><noscript class=\"wpforms-error-noscript\">Please enable JavaScript in your browser to complete this form.<\/noscript><div class=\"wpforms-field-container\"><div id=\"wpforms-666-field_1-container\" class=\"wpforms-field wpforms-field-name wpforms-mobile-full wpforms-one-half wpforms-first\" data-field-type=\"name\" data-field-id=\"1\"><label class=\"wpforms-field-label wpforms-label-hide\" for=\"wpforms-666-field_1\">Name <span class=\"wpforms-required-label\">*<\/span><\/label><input type=\"text\" id=\"wpforms-666-field_1\" class=\"wpforms-field-large wpforms-field-required\" name=\"wpforms[fields][1]\" placeholder=\"Name *\" required><\/div><div id=\"wpforms-666-field_8-container\" class=\"wpforms-field wpforms-field-text wpforms-mobile-full wpforms-one-half\" data-field-type=\"text\" data-field-id=\"8\"><label class=\"wpforms-field-label wpforms-label-hide\" for=\"wpforms-666-field_8\">Company<\/label><input type=\"text\" id=\"wpforms-666-field_8\" class=\"wpforms-field-large\" name=\"wpforms[fields][8]\" placeholder=\"Company\" ><\/div><div id=\"wpforms-666-field_2-container\" class=\"wpforms-field wpforms-field-phone wpforms-mobile-full wpforms-one-half wpforms-first\" data-field-type=\"phone\" data-field-id=\"2\"><label class=\"wpforms-field-label wpforms-label-hide\" for=\"wpforms-666-field_2\">Telephone <span class=\"wpforms-required-label\">*<\/span><\/label><input type=\"tel\" id=\"wpforms-666-field_2\" class=\"wpforms-field-large wpforms-field-required wpforms-smart-phone-field\" data-rule-smart-phone-field=\"true\" name=\"wpforms[fields][2]\" placeholder=\"Telephone *\" aria-label=\"Telephone\" required><\/div><div id=\"wpforms-666-field_3-container\" class=\"wpforms-field wpforms-field-email wpforms-mobile-full wpforms-one-half\" data-field-type=\"email\" data-field-id=\"3\"><label class=\"wpforms-field-label wpforms-label-hide\" for=\"wpforms-666-field_3\">Email <span class=\"wpforms-required-label\">*<\/span><\/label><input type=\"email\" id=\"wpforms-666-field_3\" class=\"wpforms-field-large wpforms-field-required\" name=\"wpforms[fields][3]\" placeholder=\"Email *\" spellcheck=\"false\" required><\/div><div id=\"wpforms-666-field_4-container\" class=\"wpforms-field wpforms-field-select wpforms-mobile-full wpforms-field-select-style-modern\" data-field-type=\"select\" data-field-id=\"4\"><label class=\"wpforms-field-label wpforms-label-hide\" for=\"wpforms-666-field_4\">Subject  <span class=\"wpforms-required-label\">*<\/span><\/label><select id=\"wpforms-666-field_4\" class=\"wpforms-field-large wpforms-field-required choicesjs-select\" data-size-class=\"wpforms-field-row wpforms-field-large\" data-search-enabled=\"\" name=\"wpforms[fields][4]\" required=\"required\"><option value=\"\" class=\"placeholder\" disabled  selected='selected'>Subject *<\/option><option value=\"Website\" >Website<\/option><option value=\"Online Shop\" >Online Shop<\/option><option value=\"SEO and Digital Marketing\" >SEO and Digital Marketing<\/option><option value=\"Branding\" >Branding<\/option><\/select><\/div><div id=\"wpforms-666-field_6-container\" class=\"wpforms-field wpforms-field-textarea wpforms-mobile-full\" data-field-type=\"textarea\" data-field-id=\"6\"><label class=\"wpforms-field-label wpforms-label-hide\" for=\"wpforms-666-field_6\">Mensagem <span class=\"wpforms-required-label\">*<\/span><\/label><textarea id=\"wpforms-666-field_6\" class=\"wpforms-field-large wpforms-field-required\" name=\"wpforms[fields][6]\" placeholder=\"description of the type of service you require\" required><\/textarea><\/div><div id=\"wpforms-666-field_7-container\" class=\"wpforms-field wpforms-field-gdpr-checkbox\" data-field-type=\"gdpr-checkbox\" data-field-id=\"7\"><label class=\"wpforms-field-label\">GDPR Agreement <span class=\"wpforms-required-label\">*<\/span><\/label><ul id=\"wpforms-666-field_7\" class=\"wpforms-field-required\"><li class=\"choice-1\"><input type=\"checkbox\" id=\"wpforms-666-field_7_1\" name=\"wpforms[fields][7][]\" value=\"I give my consent for &lt;b&gt;HAGS - Graphic &amp; Web &lt;\/b&gt;to answer my questions and send me information about its services.\" required ><label class=\"wpforms-field-label-inline\" for=\"wpforms-666-field_7_1\">I give my consent for <b>HAGS - Graphic &amp; Web <\/b>to answer my questions and send me information about its services.<\/label><\/li><\/ul><div class=\"wpforms-field-description\"><br><b>Use of Personal Data<\/b><br>\nA <b>HAGS - Graphic & Web<\/b> commits itself to using your personal data contained in this contact form only for purposes related to your message and will not use it for any other purpose. At your request, <b>HAGS - Graphic & Web<\/b> will modify or delete from its database the personal data provided on this form.<\/p><\/br>\n\n<b>Declaration of Consent<\/b><br>\nThe user authorises the processing of his personal data contained in the contact form, including recording and storing in a digital database, for as long as necessary. By filling in this form, the user authorises <b>HAGS - Graphic & Web<\/b> to store their personal information and to use it for purposes related to their message.<\/div><\/div><\/div><!-- .wpforms-field-container --><div class=\"wpforms-recaptcha-container wpforms-is-recaptcha wpforms-is-recaptcha-type-invisible\" ><div class=\"g-recaptcha\" data-sitekey=\"6LcD95AfAAAAAN1owdII4_Cn_ciHqoRy5jEO3eFD\" data-size=\"invisible\"><\/div><\/div><div class=\"wpforms-submit-container\" ><input type=\"hidden\" name=\"wpforms[id]\" value=\"666\"><input type=\"hidden\" name=\"page_title\" value=\"\"><input type=\"hidden\" name=\"page_url\" value=\"https:\/\/hagsdesign.com\/en\/wp-json\/wp\/v2\/pages\/1840\"><input type=\"hidden\" name=\"url_referer\" value=\"\"><button type=\"submit\" name=\"wpforms[submit]\" id=\"wpforms-submit-666\" class=\"wpforms-submit\" data-alt-text=\"SENDING...\" data-submit-text=\"SEND\" aria-live=\"assertive\" value=\"wpforms-submit\">SEND<\/button><\/div><\/form><\/div>  <!-- .wpforms-container -->[\/vc_column][\/vc_row]<\/p>\n<\/div>","protected":false},"excerpt":{"rendered":"<p>[vc_row wrap_container=&#8221;yes&#8221; css=&#8221;.vc_custom_1640193100758{margin-bottom: 50px !important;}&#8221;][vc_column][vc_empty_space height=&#8221;25px&#8221;][\/vc_column][\/vc_row]<\/p>\n","protected":false},"author":1,"featured_media":0,"parent":0,"menu_order":0,"comment_status":"closed","ping_status":"closed","template":"","meta":{"inline_featured_image":false,"_monsterinsights_skip_tracking":false,"_monsterinsights_sitenote_active":false,"_monsterinsights_sitenote_note":"","_monsterinsights_sitenote_category":0,"footnotes":""},"class_list":["post-1840","page","type-page","status-publish","hentry"],"yoast_head":"<!-- This site is optimized with the Yoast SEO Premium plugin v22.1 (Yoast SEO v27.3) - https:\/\/yoast.com\/product\/yoast-seo-premium-wordpress\/ -->\n<title>Contacts &#187; HAGS - Graphic &amp; Web<\/title>\n<meta name=\"description\" content=\"Contacte-nos, preencha o formul\u00e1rio, e no espa\u00e7o de 24h responderei \u00e0s suas quest\u00f5es.\" \/>\n<meta name=\"robots\" content=\"index, follow, max-snippet:-1, max-image-preview:large, max-video-preview:-1\" \/>\n<link rel=\"canonical\" href=\"https:\/\/hagsdesign.com\/en\/contacts\/\" \/>\n<meta property=\"og:locale\" content=\"en_US\" \/>\n<meta property=\"og:type\" content=\"article\" \/>\n<meta property=\"og:title\" content=\"Contacts &#187; HAGS - Graphic &amp; Web\" \/>\n<meta property=\"og:description\" content=\"Contacte-nos, preencha o formul\u00e1rio, e no espa\u00e7o de 24h responderei \u00e0s suas quest\u00f5es.\" \/>\n<meta property=\"og:url\" content=\"https:\/\/hagsdesign.com\/en\/contacts\/\" \/>\n<meta property=\"og:site_name\" content=\"HAGS - Graphic &amp; Web\" \/>\n<meta property=\"article:publisher\" content=\"https:\/\/www.facebook.com\/HAGS.DESIGN\" \/>\n<meta property=\"article:modified_time\" content=\"2023-06-19T14:34:48+00:00\" \/>\n<meta property=\"og:image\" content=\"https:\/\/hagsdesign.com\/wp-content\/uploads\/2021\/12\/logo-redes-sociais-2.jpg\" \/>\n\t<meta property=\"og:image:width\" content=\"401\" \/>\n\t<meta property=\"og:image:height\" content=\"401\" \/>\n\t<meta property=\"og:image:type\" content=\"image\/jpeg\" \/>\n<meta name=\"twitter:card\" content=\"summary_large_image\" \/>\n<meta name=\"twitter:label1\" content=\"Est. reading time\" \/>\n\t<meta name=\"twitter:data1\" content=\"1 minute\" \/>\n<script type=\"application\/ld+json\" class=\"yoast-schema-graph\">{\"@context\":\"https:\\\/\\\/schema.org\",\"@graph\":[{\"@type\":[\"WebPage\",\"ItemPage\"],\"@id\":\"https:\\\/\\\/hagsdesign.com\\\/en\\\/contacts\\\/\",\"url\":\"https:\\\/\\\/hagsdesign.com\\\/en\\\/contacts\\\/\",\"name\":\"Contacts &#187; HAGS - Graphic &amp; Web\",\"isPartOf\":{\"@id\":\"https:\\\/\\\/hagsdesign.com\\\/#website\"},\"datePublished\":\"2021-12-22T16:11:53+00:00\",\"dateModified\":\"2023-06-19T14:34:48+00:00\",\"description\":\"Contacte-nos, preencha o formul\u00e1rio, e no espa\u00e7o de 24h responderei \u00e0s suas quest\u00f5es.\",\"breadcrumb\":{\"@id\":\"https:\\\/\\\/hagsdesign.com\\\/en\\\/contacts\\\/#breadcrumb\"},\"inLanguage\":\"en-US\",\"potentialAction\":[{\"@type\":\"ReadAction\",\"target\":[\"https:\\\/\\\/hagsdesign.com\\\/en\\\/contacts\\\/\"]}]},{\"@type\":\"BreadcrumbList\",\"@id\":\"https:\\\/\\\/hagsdesign.com\\\/en\\\/contacts\\\/#breadcrumb\",\"itemListElement\":[{\"@type\":\"ListItem\",\"position\":1,\"name\":\"Home\",\"item\":\"https:\\\/\\\/hagsdesign.com\\\/en\\\/\"},{\"@type\":\"ListItem\",\"position\":2,\"name\":\"Contacts\"}]},{\"@type\":\"WebSite\",\"@id\":\"https:\\\/\\\/hagsdesign.com\\\/#website\",\"url\":\"https:\\\/\\\/hagsdesign.com\\\/\",\"name\":\"HAGS - Graphic & Web\",\"description\":\"Somos uma ag\u00eancia de design na \u00e1rea de P\u00e1ginas de Internet, Lojas Online, Branding, Design Gr\u00e1fico, Design Editorial. Portim\u00e3o \\\/ Algarve\",\"publisher\":{\"@id\":\"https:\\\/\\\/hagsdesign.com\\\/#organization\"},\"alternateName\":\"HAGS - Ag\u00eancia de Design Gr\u00e1fico e Websites e Lojas Online\",\"potentialAction\":[{\"@type\":\"SearchAction\",\"target\":{\"@type\":\"EntryPoint\",\"urlTemplate\":\"https:\\\/\\\/hagsdesign.com\\\/?s={search_term_string}\"},\"query-input\":{\"@type\":\"PropertyValueSpecification\",\"valueRequired\":true,\"valueName\":\"search_term_string\"}}],\"inLanguage\":\"en-US\"},{\"@type\":\"Organization\",\"@id\":\"https:\\\/\\\/hagsdesign.com\\\/#organization\",\"name\":\"HAGS - Graphic & Web Design\",\"alternateName\":\"HAGS - Ag\u00eancia de Design Gr\u00e1fico e Web\",\"url\":\"https:\\\/\\\/hagsdesign.com\\\/\",\"logo\":{\"@type\":\"ImageObject\",\"inLanguage\":\"en-US\",\"@id\":\"https:\\\/\\\/hagsdesign.com\\\/#\\\/schema\\\/logo\\\/image\\\/\",\"url\":\"https:\\\/\\\/hagsdesign.com\\\/wp-content\\\/uploads\\\/2021\\\/12\\\/logo-redes-sociais-2.jpg\",\"contentUrl\":\"https:\\\/\\\/hagsdesign.com\\\/wp-content\\\/uploads\\\/2021\\\/12\\\/logo-redes-sociais-2.jpg\",\"width\":401,\"height\":401,\"caption\":\"HAGS - Graphic & Web Design\"},\"image\":{\"@id\":\"https:\\\/\\\/hagsdesign.com\\\/#\\\/schema\\\/logo\\\/image\\\/\"},\"sameAs\":[\"https:\\\/\\\/www.facebook.com\\\/HAGS.DESIGN\",\"https:\\\/\\\/www.instagram.com\\\/hags.design\\\/\"]}]}<\/script>\n<!-- \/ Yoast SEO Premium plugin. -->","yoast_head_json":{"title":"Contacts &#187; HAGS - Graphic &amp; Web","description":"Contacte-nos, preencha o formul\u00e1rio, e no espa\u00e7o de 24h responderei \u00e0s suas quest\u00f5es.","robots":{"index":"index","follow":"follow","max-snippet":"max-snippet:-1","max-image-preview":"max-image-preview:large","max-video-preview":"max-video-preview:-1"},"canonical":"https:\/\/hagsdesign.com\/en\/contacts\/","og_locale":"en_US","og_type":"article","og_title":"Contacts &#187; HAGS - Graphic &amp; Web","og_description":"Contacte-nos, preencha o formul\u00e1rio, e no espa\u00e7o de 24h responderei \u00e0s suas quest\u00f5es.","og_url":"https:\/\/hagsdesign.com\/en\/contacts\/","og_site_name":"HAGS - Graphic &amp; Web","article_publisher":"https:\/\/www.facebook.com\/HAGS.DESIGN","article_modified_time":"2023-06-19T14:34:48+00:00","og_image":[{"width":401,"height":401,"url":"https:\/\/hagsdesign.com\/wp-content\/uploads\/2021\/12\/logo-redes-sociais-2.jpg","type":"image\/jpeg"}],"twitter_card":"summary_large_image","twitter_misc":{"Est. reading time":"1 minute"},"schema":{"@context":"https:\/\/schema.org","@graph":[{"@type":["WebPage","ItemPage"],"@id":"https:\/\/hagsdesign.com\/en\/contacts\/","url":"https:\/\/hagsdesign.com\/en\/contacts\/","name":"Contacts &#187; HAGS - Graphic &amp; Web","isPartOf":{"@id":"https:\/\/hagsdesign.com\/#website"},"datePublished":"2021-12-22T16:11:53+00:00","dateModified":"2023-06-19T14:34:48+00:00","description":"Contacte-nos, preencha o formul\u00e1rio, e no espa\u00e7o de 24h responderei \u00e0s suas quest\u00f5es.","breadcrumb":{"@id":"https:\/\/hagsdesign.com\/en\/contacts\/#breadcrumb"},"inLanguage":"en-US","potentialAction":[{"@type":"ReadAction","target":["https:\/\/hagsdesign.com\/en\/contacts\/"]}]},{"@type":"BreadcrumbList","@id":"https:\/\/hagsdesign.com\/en\/contacts\/#breadcrumb","itemListElement":[{"@type":"ListItem","position":1,"name":"Home","item":"https:\/\/hagsdesign.com\/en\/"},{"@type":"ListItem","position":2,"name":"Contacts"}]},{"@type":"WebSite","@id":"https:\/\/hagsdesign.com\/#website","url":"https:\/\/hagsdesign.com\/","name":"HAGS - Graphic & Web","description":"Somos uma ag\u00eancia de design na \u00e1rea de P\u00e1ginas de Internet, Lojas Online, Branding, Design Gr\u00e1fico, Design Editorial. Portim\u00e3o \/ Algarve","publisher":{"@id":"https:\/\/hagsdesign.com\/#organization"},"alternateName":"HAGS - Ag\u00eancia de Design Gr\u00e1fico e Websites e Lojas Online","potentialAction":[{"@type":"SearchAction","target":{"@type":"EntryPoint","urlTemplate":"https:\/\/hagsdesign.com\/?s={search_term_string}"},"query-input":{"@type":"PropertyValueSpecification","valueRequired":true,"valueName":"search_term_string"}}],"inLanguage":"en-US"},{"@type":"Organization","@id":"https:\/\/hagsdesign.com\/#organization","name":"HAGS - Graphic & Web Design","alternateName":"HAGS - Ag\u00eancia de Design Gr\u00e1fico e Web","url":"https:\/\/hagsdesign.com\/","logo":{"@type":"ImageObject","inLanguage":"en-US","@id":"https:\/\/hagsdesign.com\/#\/schema\/logo\/image\/","url":"https:\/\/hagsdesign.com\/wp-content\/uploads\/2021\/12\/logo-redes-sociais-2.jpg","contentUrl":"https:\/\/hagsdesign.com\/wp-content\/uploads\/2021\/12\/logo-redes-sociais-2.jpg","width":401,"height":401,"caption":"HAGS - Graphic & Web Design"},"image":{"@id":"https:\/\/hagsdesign.com\/#\/schema\/logo\/image\/"},"sameAs":["https:\/\/www.facebook.com\/HAGS.DESIGN","https:\/\/www.instagram.com\/hags.design\/"]}]}},"_links":{"self":[{"href":"https:\/\/hagsdesign.com\/en\/wp-json\/wp\/v2\/pages\/1840","targetHints":{"allow":["GET"]}}],"collection":[{"href":"https:\/\/hagsdesign.com\/en\/wp-json\/wp\/v2\/pages"}],"about":[{"href":"https:\/\/hagsdesign.com\/en\/wp-json\/wp\/v2\/types\/page"}],"author":[{"embeddable":true,"href":"https:\/\/hagsdesign.com\/en\/wp-json\/wp\/v2\/users\/1"}],"replies":[{"embeddable":true,"href":"https:\/\/hagsdesign.com\/en\/wp-json\/wp\/v2\/comments?post=1840"}],"version-history":[{"count":0,"href":"https:\/\/hagsdesign.com\/en\/wp-json\/wp\/v2\/pages\/1840\/revisions"}],"wp:attachment":[{"href":"https:\/\/hagsdesign.com\/en\/wp-json\/wp\/v2\/media?parent=1840"}],"curies":[{"name":"wp","href":"https:\/\/api.w.org\/{rel}","templated":true}]}}