{"id":2179,"date":"2021-12-22T14:44:47","date_gmt":"2021-12-22T14:44:47","guid":{"rendered":"https:\/\/hagsdesign.com\/marketing-digital-e-seo\/"},"modified":"2024-08-05T15:11:52","modified_gmt":"2024-08-05T15:11:52","slug":"digital-marketing-and-seo","status":"publish","type":"page","link":"https:\/\/hagsdesign.com\/en\/digital-marketing-and-seo\/","title":{"rendered":"Digital Marketing and SEO"},"content":{"rendered":"<div class=\"wpb-content-wrapper\"><p>[vc_row gap=&#8221;35&#8243;][vc_column][vc_single_image image=&#8221;612&#8243; img_size=&#8221;1030&#215;579&#8243;]<div class=\"porto-u-heading  wpb_custom_95aa9a11c17ad45cfabaf210d84ee7cc porto-u-ad87e2eaf3f9c495180fe0156ddf3eb0 \"><div class=\"porto-u-main-heading\"><h3  >Digital Marketing and SEO<\/h3><\/div><div class=\"porto-u-sub-heading\" style=\"\">\n<h2>Get online visibility!<\/h2>\n<p><\/div><style>.porto-u-ad87e2eaf3f9c495180fe0156ddf3eb0.porto-u-heading{text-align:left}<\/style><\/div>[vc_column_text css=&#8221;&#8221;]Invest in your website&#8217;s SEO (<a href=\"https:\/\/en.wikipedia.org\/wiki\/Search_engine_optimization\" target=\"_blank\" rel=\"noopener\">Search Engine Optimisation<\/a>) and Digital Marketing to boost your company&#8217;s online success.<\/p>\n<p>If your customers can&#8217;t find you easily on the internet, it&#8217;s time to take action. Don&#8217;t wait any longer! We can help you promote your website effectively through Google Ads and SEO optimisation, which will result in a significant increase in the number of visits.<\/p>\n<p>To begin with, it&#8217;s essential to get to know your target audience in depth. Understanding your customers&#8217; needs, interests and behaviours is the first step towards targeting your marketing campaigns precisely and efficiently. That way, you can reach the right people at the right time, maximising results.<\/p>\n<p>In addition, SEO optimisation is key to improving your website&#8217;s visibility on search engines. This means that when potential customers search for products or services related to your business, your site will be more likely to appear in the first few results. This way, you can attract more qualified traffic, increase your online presence and strengthen your authority in the market.<\/p>\n<p>In addition, Google Ads offers a powerful online advertising tool.[\/vc_column_text]<div class=\"porto-btn-ctn-left \"><a class=\"porto-btn  vc_custom_1722870281249 porto-adjust-bottom-margin porto-btn-custom porto-btn-left-bg   wpb_custom_c90efcc07e846f13bbb773f2c5176450  porto-btn-left \" title='Ask for Quote' rel='' href = \"https:\/\/hagsdesign.com\/en\/ask-for-quote\/\"  data-hover=\"#ffffff\" data-border-color=\"#000000\" data-bg=\"#ffffff\" data-hover-bg=\"#000000\" data-border-hover=\"#000000\" data-shadow-click=\"none\" data-shadow=\"\" style=\"padding:10px 30px;border-width:1px;border-color:#000000;border-style:solid;background: #ffffff;color: #000000;\"><span class=\"porto-btn-hover\" style=\"background-color:#000000\"><\/span><span class=\"porto-btn-data porto-btn-text \" >Ask for Quote<\/span><\/a><\/div>[vc_column_text css=&#8221;&#8221;]<\/p>\n<h3><strong><span style=\"color: #000000; font-size: 24px;\">Targeted ads<\/span><\/strong><\/h3>\n<p>You can increase your brand&#8217;s exposure, reach a specific target audience and drive more qualified traffic to your website. This allows you to be present at times when users are actively looking for products or services like yours, increasing conversion and sales opportunities.<\/p>\n<p>So don&#8217;t waste any more time. Invest strategically in <a href=\"https:\/\/pt.wikipedia.org\/wiki\/Otimiza%C3%A7%C3%A3o_para_motores_de_busca\" target=\"_blank\" rel=\"noopener\">SEO<\/a> and Digital Marketing to make your company stand out in the online world and achieve the success you want. We&#8217;re here to help you at every stage, from analysing your target audience to implementing effective strategies. Don&#8217;t let the competition overtake you. It&#8217;s time to make a difference, increase your brand&#8217;s visibility and conquer your online space<a href=\"https:\/\/hagsdesign.com\/en\/\" target=\"_blank\" rel=\"noopener\">.<\/a>[\/vc_column_text][vc_column_text css=&#8221;&#8221;]<span style=\"font-size: 24px;\"><strong>Google Ads<\/strong><br \/>\n<\/span>Google Ads allows your adverts to appear higher up in search results through the use of keywords. The investment is higher than with SEO, but the results are also quicker. With careful and constant analysis, you can measure the performance of your ads and optimise them to get better results.<\/p>\n<p>&nbsp;<\/p>\n<p><span style=\"font-size: 24px;\"><strong>SEO optimisation<br \/>\n<\/strong><\/span>Through SEO (Search Engine Optimisation) we can improve the organic positioning of the website in search engine results. And thus get more targeted and qualified traffic. The investment is lower and the return generated is very satisfactory.[\/vc_column_text][\/vc_column][\/vc_row]<\/p>\n<\/div>","protected":false},"excerpt":{"rendered":"<p>[vc_row gap=&#8221;35&#8243;][vc_column][vc_single_image image=&#8221;612&#8243; img_size=&#8221;1030&#215;579&#8243;][vc_column_text css=&#8221;&#8221;]Invest in your website&#8217;s SEO (Search Engine Optimisation) and Digital Marketing to boost your company&#8217;s online success. If your customers can&#8217;t find you easily on the internet, it&#8217;s time to take action. Don&#8217;t wait any longer! We can help you promote your website effectively through Google Ads and SEO optimisation, which [&hellip;]<\/p>\n","protected":false},"author":1,"featured_media":0,"parent":0,"menu_order":0,"comment_status":"closed","ping_status":"closed","template":"","meta":{"inline_featured_image":false,"_monsterinsights_skip_tracking":false,"_monsterinsights_sitenote_active":false,"_monsterinsights_sitenote_note":"","_monsterinsights_sitenote_category":0,"footnotes":""},"class_list":["post-2179","page","type-page","status-publish","hentry"],"yoast_head":"<!-- This site is optimized with the Yoast SEO Premium plugin v22.1 (Yoast SEO v27.3) - https:\/\/yoast.com\/product\/yoast-seo-premium-wordpress\/ -->\n<title>Digital Marketing and SEO &#187; HAGS - Graphic &amp; Web<\/title>\n<meta name=\"description\" content=\"SEO and Digital Marketing. Gain online visibility through careful SEO and well-targeted Digital Marketing.\" \/>\n<meta name=\"robots\" content=\"index, follow, max-snippet:-1, max-image-preview:large, max-video-preview:-1\" \/>\n<link rel=\"canonical\" href=\"https:\/\/hagsdesign.com\/en\/digital-marketing-and-seo\/\" \/>\n<meta property=\"og:locale\" content=\"en_US\" \/>\n<meta property=\"og:type\" content=\"article\" \/>\n<meta property=\"og:title\" content=\"Digital Marketing and SEO &#187; HAGS - Graphic &amp; Web\" \/>\n<meta property=\"og:description\" content=\"SEO and Digital Marketing. Gain online visibility through careful SEO and well-targeted Digital Marketing.\" \/>\n<meta property=\"og:url\" content=\"https:\/\/hagsdesign.com\/en\/digital-marketing-and-seo\/\" \/>\n<meta property=\"og:site_name\" content=\"HAGS - Graphic &amp; Web\" \/>\n<meta property=\"article:publisher\" content=\"https:\/\/www.facebook.com\/HAGS.DESIGN\" \/>\n<meta property=\"article:modified_time\" content=\"2024-08-05T15:11:52+00:00\" \/>\n<meta property=\"og:image\" content=\"https:\/\/hagsdesign.com\/wp-content\/uploads\/2021\/12\/logo-redes-sociais-2.jpg\" \/>\n\t<meta property=\"og:image:width\" content=\"401\" \/>\n\t<meta property=\"og:image:height\" content=\"401\" \/>\n\t<meta property=\"og:image:type\" content=\"image\/jpeg\" \/>\n<meta name=\"twitter:card\" content=\"summary_large_image\" \/>\n<meta name=\"twitter:label1\" content=\"Est. reading time\" \/>\n\t<meta name=\"twitter:data1\" content=\"3 minutes\" \/>\n<script type=\"application\/ld+json\" class=\"yoast-schema-graph\">{\"@context\":\"https:\\\/\\\/schema.org\",\"@graph\":[{\"@type\":[\"WebPage\",\"ItemPage\"],\"@id\":\"https:\\\/\\\/hagsdesign.com\\\/en\\\/digital-marketing-and-seo\\\/\",\"url\":\"https:\\\/\\\/hagsdesign.com\\\/en\\\/digital-marketing-and-seo\\\/\",\"name\":\"Digital Marketing and SEO &#187; HAGS - Graphic &amp; Web\",\"isPartOf\":{\"@id\":\"https:\\\/\\\/hagsdesign.com\\\/#website\"},\"datePublished\":\"2021-12-22T14:44:47+00:00\",\"dateModified\":\"2024-08-05T15:11:52+00:00\",\"description\":\"SEO and Digital Marketing. Gain online visibility through careful SEO and well-targeted Digital Marketing.\",\"breadcrumb\":{\"@id\":\"https:\\\/\\\/hagsdesign.com\\\/en\\\/digital-marketing-and-seo\\\/#breadcrumb\"},\"inLanguage\":\"en-US\",\"potentialAction\":[{\"@type\":\"ReadAction\",\"target\":[\"https:\\\/\\\/hagsdesign.com\\\/en\\\/digital-marketing-and-seo\\\/\"]}]},{\"@type\":\"BreadcrumbList\",\"@id\":\"https:\\\/\\\/hagsdesign.com\\\/en\\\/digital-marketing-and-seo\\\/#breadcrumb\",\"itemListElement\":[{\"@type\":\"ListItem\",\"position\":1,\"name\":\"Home\",\"item\":\"https:\\\/\\\/hagsdesign.com\\\/en\\\/\"},{\"@type\":\"ListItem\",\"position\":2,\"name\":\"Digital Marketing and SEO\"}]},{\"@type\":\"WebSite\",\"@id\":\"https:\\\/\\\/hagsdesign.com\\\/#website\",\"url\":\"https:\\\/\\\/hagsdesign.com\\\/\",\"name\":\"HAGS - Graphic & Web\",\"description\":\"Somos uma ag\u00eancia de design na \u00e1rea de P\u00e1ginas de Internet, Lojas Online, Branding, Design Gr\u00e1fico, Design Editorial. Portim\u00e3o \\\/ Algarve\",\"publisher\":{\"@id\":\"https:\\\/\\\/hagsdesign.com\\\/#organization\"},\"alternateName\":\"HAGS - Ag\u00eancia de Design Gr\u00e1fico e Websites e Lojas Online\",\"potentialAction\":[{\"@type\":\"SearchAction\",\"target\":{\"@type\":\"EntryPoint\",\"urlTemplate\":\"https:\\\/\\\/hagsdesign.com\\\/?s={search_term_string}\"},\"query-input\":{\"@type\":\"PropertyValueSpecification\",\"valueRequired\":true,\"valueName\":\"search_term_string\"}}],\"inLanguage\":\"en-US\"},{\"@type\":\"Organization\",\"@id\":\"https:\\\/\\\/hagsdesign.com\\\/#organization\",\"name\":\"HAGS - Graphic & Web Design\",\"alternateName\":\"HAGS - Ag\u00eancia de Design Gr\u00e1fico e Web\",\"url\":\"https:\\\/\\\/hagsdesign.com\\\/\",\"logo\":{\"@type\":\"ImageObject\",\"inLanguage\":\"en-US\",\"@id\":\"https:\\\/\\\/hagsdesign.com\\\/#\\\/schema\\\/logo\\\/image\\\/\",\"url\":\"https:\\\/\\\/hagsdesign.com\\\/wp-content\\\/uploads\\\/2021\\\/12\\\/logo-redes-sociais-2.jpg\",\"contentUrl\":\"https:\\\/\\\/hagsdesign.com\\\/wp-content\\\/uploads\\\/2021\\\/12\\\/logo-redes-sociais-2.jpg\",\"width\":401,\"height\":401,\"caption\":\"HAGS - Graphic & Web Design\"},\"image\":{\"@id\":\"https:\\\/\\\/hagsdesign.com\\\/#\\\/schema\\\/logo\\\/image\\\/\"},\"sameAs\":[\"https:\\\/\\\/www.facebook.com\\\/HAGS.DESIGN\",\"https:\\\/\\\/www.instagram.com\\\/hags.design\\\/\"]}]}<\/script>\n<!-- \/ Yoast SEO Premium plugin. -->","yoast_head_json":{"title":"Digital Marketing and SEO &#187; HAGS - Graphic &amp; Web","description":"SEO and Digital Marketing. Gain online visibility through careful SEO and well-targeted Digital Marketing.","robots":{"index":"index","follow":"follow","max-snippet":"max-snippet:-1","max-image-preview":"max-image-preview:large","max-video-preview":"max-video-preview:-1"},"canonical":"https:\/\/hagsdesign.com\/en\/digital-marketing-and-seo\/","og_locale":"en_US","og_type":"article","og_title":"Digital Marketing and SEO &#187; HAGS - Graphic &amp; Web","og_description":"SEO and Digital Marketing. Gain online visibility through careful SEO and well-targeted Digital Marketing.","og_url":"https:\/\/hagsdesign.com\/en\/digital-marketing-and-seo\/","og_site_name":"HAGS - Graphic &amp; Web","article_publisher":"https:\/\/www.facebook.com\/HAGS.DESIGN","article_modified_time":"2024-08-05T15:11:52+00:00","og_image":[{"width":401,"height":401,"url":"https:\/\/hagsdesign.com\/wp-content\/uploads\/2021\/12\/logo-redes-sociais-2.jpg","type":"image\/jpeg"}],"twitter_card":"summary_large_image","twitter_misc":{"Est. reading time":"3 minutes"},"schema":{"@context":"https:\/\/schema.org","@graph":[{"@type":["WebPage","ItemPage"],"@id":"https:\/\/hagsdesign.com\/en\/digital-marketing-and-seo\/","url":"https:\/\/hagsdesign.com\/en\/digital-marketing-and-seo\/","name":"Digital Marketing and SEO &#187; HAGS - Graphic &amp; Web","isPartOf":{"@id":"https:\/\/hagsdesign.com\/#website"},"datePublished":"2021-12-22T14:44:47+00:00","dateModified":"2024-08-05T15:11:52+00:00","description":"SEO and Digital Marketing. Gain online visibility through careful SEO and well-targeted Digital Marketing.","breadcrumb":{"@id":"https:\/\/hagsdesign.com\/en\/digital-marketing-and-seo\/#breadcrumb"},"inLanguage":"en-US","potentialAction":[{"@type":"ReadAction","target":["https:\/\/hagsdesign.com\/en\/digital-marketing-and-seo\/"]}]},{"@type":"BreadcrumbList","@id":"https:\/\/hagsdesign.com\/en\/digital-marketing-and-seo\/#breadcrumb","itemListElement":[{"@type":"ListItem","position":1,"name":"Home","item":"https:\/\/hagsdesign.com\/en\/"},{"@type":"ListItem","position":2,"name":"Digital Marketing and SEO"}]},{"@type":"WebSite","@id":"https:\/\/hagsdesign.com\/#website","url":"https:\/\/hagsdesign.com\/","name":"HAGS - Graphic & Web","description":"Somos uma ag\u00eancia de design na \u00e1rea de P\u00e1ginas de Internet, Lojas Online, Branding, Design Gr\u00e1fico, Design Editorial. Portim\u00e3o \/ Algarve","publisher":{"@id":"https:\/\/hagsdesign.com\/#organization"},"alternateName":"HAGS - Ag\u00eancia de Design Gr\u00e1fico e Websites e Lojas Online","potentialAction":[{"@type":"SearchAction","target":{"@type":"EntryPoint","urlTemplate":"https:\/\/hagsdesign.com\/?s={search_term_string}"},"query-input":{"@type":"PropertyValueSpecification","valueRequired":true,"valueName":"search_term_string"}}],"inLanguage":"en-US"},{"@type":"Organization","@id":"https:\/\/hagsdesign.com\/#organization","name":"HAGS - Graphic & Web Design","alternateName":"HAGS - Ag\u00eancia de Design Gr\u00e1fico e Web","url":"https:\/\/hagsdesign.com\/","logo":{"@type":"ImageObject","inLanguage":"en-US","@id":"https:\/\/hagsdesign.com\/#\/schema\/logo\/image\/","url":"https:\/\/hagsdesign.com\/wp-content\/uploads\/2021\/12\/logo-redes-sociais-2.jpg","contentUrl":"https:\/\/hagsdesign.com\/wp-content\/uploads\/2021\/12\/logo-redes-sociais-2.jpg","width":401,"height":401,"caption":"HAGS - Graphic & Web Design"},"image":{"@id":"https:\/\/hagsdesign.com\/#\/schema\/logo\/image\/"},"sameAs":["https:\/\/www.facebook.com\/HAGS.DESIGN","https:\/\/www.instagram.com\/hags.design\/"]}]}},"_links":{"self":[{"href":"https:\/\/hagsdesign.com\/en\/wp-json\/wp\/v2\/pages\/2179","targetHints":{"allow":["GET"]}}],"collection":[{"href":"https:\/\/hagsdesign.com\/en\/wp-json\/wp\/v2\/pages"}],"about":[{"href":"https:\/\/hagsdesign.com\/en\/wp-json\/wp\/v2\/types\/page"}],"author":[{"embeddable":true,"href":"https:\/\/hagsdesign.com\/en\/wp-json\/wp\/v2\/users\/1"}],"replies":[{"embeddable":true,"href":"https:\/\/hagsdesign.com\/en\/wp-json\/wp\/v2\/comments?post=2179"}],"version-history":[{"count":0,"href":"https:\/\/hagsdesign.com\/en\/wp-json\/wp\/v2\/pages\/2179\/revisions"}],"wp:attachment":[{"href":"https:\/\/hagsdesign.com\/en\/wp-json\/wp\/v2\/media?parent=2179"}],"curies":[{"name":"wp","href":"https:\/\/api.w.org\/{rel}","templated":true}]}}