{"id":2185,"date":"2021-12-21T16:19:38","date_gmt":"2021-12-21T16:19:38","guid":{"rendered":"https:\/\/hagsdesign.com\/sobre\/"},"modified":"2024-10-23T10:01:46","modified_gmt":"2024-10-23T10:01:46","slug":"about","status":"publish","type":"page","link":"https:\/\/hagsdesign.com\/en\/about\/","title":{"rendered":"About"},"content":{"rendered":"<div class=\"wpb-content-wrapper\"><p>[vc_row gap=&#8221;35&#8243; css=&#8221;.vc_custom_1640192935792{margin-bottom: 50px !important;}&#8221;][vc_column width=&#8221;1\/2&#8243; is_sticky=&#8221;yes&#8221; sticky_min_width=&#8221;767&#8243; sticky_top=&#8221;110&#8243; sticky_bottom=&#8221;0&#8243;]<div class=\"porto-u-heading  wpb_custom_95aa9a11c17ad45cfabaf210d84ee7cc porto-u-ad87e2eaf3f9c495180fe0156ddf3eb0 \"><div class=\"porto-u-main-heading\"><h3  >About HAGS Design<\/h3><\/div><div class=\"porto-u-sub-heading\" style=\"margin-bottom:0px;\">\n<h2>We&#8217;re specialists in WordPress, Woocommerce, UX Design and Graphic Design.<\/h2>\n<p><\/div><style>.porto-u-ad87e2eaf3f9c495180fe0156ddf3eb0.porto-u-heading{text-align:left}<\/style><\/div>[vc_column_text css=&#8221;&#8221;]HAGS Design offers personalised solutions for all kinds of projects. Starting with your company&#8217;s branding, website, blogs, landing pages, online shops&#8230;<\/p>\n<p><strong>We&#8217;re ready to realise all your projects!<\/strong>[\/vc_column_text][vc_progress_bar values=&#8221;%5B%7B%22label%22%3A%22Wordpress%22%2C%22value%22%3A%2285%22%7D%2C%7B%22label%22%3A%22UX%20Design%22%2C%22value%22%3A%2280%22%7D%2C%7B%22label%22%3A%22Woocommerce%22%2C%22value%22%3A%2280%22%7D%2C%7B%22label%22%3A%22Digital%20Marketing%22%2C%22value%22%3A%2270%22%7D%2C%7B%22label%22%3A%22Graphic%20Design%22%2C%22value%22%3A%2280%22%7D%5D&#8221; css=&#8221;&#8221;][\/vc_column][vc_column width=&#8221;1\/2&#8243;][vc_single_image image=&#8221;503&#8243; img_size=&#8221;672&#215;672&#8243;][vc_single_image image=&#8221;510&#8243; img_size=&#8221;672&#215;672&#8243;][vc_single_image image=&#8221;512&#8243; img_size=&#8221;672&#215;672&#8243;][vc_single_image image=&#8221;508&#8243; img_size=&#8221;672&#215;672&#8243;][\/vc_column][\/vc_row][vc_row css=&#8221;.vc_custom_1640106228096{margin-bottom: 50px !important;}&#8221;][vc_column][vc_row_inner gap=&#8221;35&#8243;][vc_column_inner width=&#8221;1\/3&#8243;]<div class=\"porto-ultimate-content-box-container \"><style>.porto_ucb_e4b01a0f5a32a6191b5cda4977dd0fa3{will-change: box-shadow;box-shadow: none;}.porto_ucb_e4b01a0f5a32a6191b5cda4977dd0fa3:hover{box-shadow:0px 0px 20px 1px #d1d1d1}<\/style><div class=\"porto-ultimate-content-box vc_custom_1640106155671 has-content-pos justify-content-center porto_ucb_e4b01a0f5a32a6191b5cda4977dd0fa3\" style=\"background-color:#ffffff;border:1px solid #d1d1d1;min-height:100%;\" data-bg=\"#ffffff\"><a aria-label=\"Websites\" class=\"porto-sicon-box-link\" href=\"\/websites\/\"><div class=\"porto-sicon-box  wpb_custom_1efe903570d178ff0a9b7bfa5febd3a4 style_3 top-icon\"><div class=\"porto-sicon-top\"><div class=\"porto-just-icon-wrapper porto-sicon-img  porto-icon-9f5d1cfb45d27d96b50bf473aebba227\" style=\"font-size: 110px;\"><img decoding=\"async\" class=\"img-icon\" alt=\"Somos uma ag\u00eancia de design: P\u00e1ginas de Internet, Lojas Online, Branding, Design Gr\u00e1fico, Design Editorial.\" src=\"https:\/\/hagsdesign.com\/wp-content\/uploads\/2021\/12\/icon-web-sites.jpg\" width=\"110\" height=\"70\" \/><\/div><\/div><div class=\"porto-sicon-header\"><h6 class=\"porto-sicon-title\" style=\"\">Websites<\/h6><\/div> <!-- header --><\/div><!-- porto-sicon-box --><\/a><\/div><\/div>[\/vc_column_inner][vc_column_inner width=&#8221;1\/3&#8243;]<div class=\"porto-ultimate-content-box-container \"><style>.porto_ucb_e4b01a0f5a32a6191b5cda4977dd0fa3{will-change: box-shadow;box-shadow: none;}.porto_ucb_e4b01a0f5a32a6191b5cda4977dd0fa3:hover{box-shadow:0px 0px 20px 1px #d1d1d1}<\/style><div class=\"porto-ultimate-content-box vc_custom_1640106193627 has-content-pos justify-content-center porto_ucb_e4b01a0f5a32a6191b5cda4977dd0fa3\" style=\"background-color:#ffffff;border:1px solid #d1d1d1;\" data-bg=\"#ffffff\"><a aria-label=\"E-Commerce\" class=\"porto-sicon-box-link\" href=\"\/lojas-online\/\"><div class=\"porto-sicon-box  wpb_custom_6bd3ea43243bb56571d580d187f8d1d7 style_3 top-icon\"><div class=\"porto-sicon-top\"><div class=\"porto-just-icon-wrapper porto-sicon-img  porto-icon-9f5d1cfb45d27d96b50bf473aebba227\" style=\"font-size: 110px;\"><img decoding=\"async\" class=\"img-icon\" alt=\"Somos uma ag\u00eancia de design: P\u00e1ginas de Internet, Lojas Online, Branding, Design Gr\u00e1fico, Design Editorial. Lojas Online\" src=\"https:\/\/hagsdesign.com\/wp-content\/uploads\/2021\/12\/icon-lojas-online.jpg\" width=\"110\" height=\"70\" \/><\/div><\/div><div class=\"porto-sicon-header\"><h6 class=\"porto-sicon-title\" style=\"\">E-Commerce<\/h6><\/div> <!-- header --><\/div><!-- porto-sicon-box --><\/a><\/div><\/div>[\/vc_column_inner][vc_column_inner width=&#8221;1\/3&#8243;]<div class=\"porto-ultimate-content-box-container \"><style>.porto_ucb_e4b01a0f5a32a6191b5cda4977dd0fa3{will-change: box-shadow;box-shadow: none;}.porto_ucb_e4b01a0f5a32a6191b5cda4977dd0fa3:hover{box-shadow:0px 0px 20px 1px #d1d1d1}<\/style><div class=\"porto-ultimate-content-box vc_custom_1640106199695 has-content-pos justify-content-center porto_ucb_e4b01a0f5a32a6191b5cda4977dd0fa3\" style=\"background-color:#ffffff;border:1px solid #d1d1d1;\" data-bg=\"#ffffff\"><a aria-label=\"Digital Marketing\" class=\"porto-sicon-box-link\" href=\"\/marketing-digital-e-seo\/\"><div class=\"porto-sicon-box  wpb_custom_6bd3ea43243bb56571d580d187f8d1d7 style_3 top-icon\"><div class=\"porto-sicon-top\"><div class=\"porto-just-icon-wrapper porto-sicon-img  porto-icon-9f5d1cfb45d27d96b50bf473aebba227\" style=\"font-size: 110px;\"><img decoding=\"async\" class=\"img-icon\" alt=\"Somos uma ag\u00eancia de design: P\u00e1ginas de Internet, Lojas Online, Branding, Design Gr\u00e1fico, Design Editorial. Marketing Digital e SEO\" src=\"https:\/\/hagsdesign.com\/wp-content\/uploads\/2021\/12\/icon-marketing-digital.jpg\" width=\"110\" height=\"70\" \/><\/div><\/div><div class=\"porto-sicon-header\"><h6 class=\"porto-sicon-title\" style=\"\">Digital Marketing<\/h6><\/div> <!-- header --><\/div><!-- porto-sicon-box --><\/a><\/div><\/div>[\/vc_column_inner][\/vc_row_inner][vc_row_inner gap=&#8221;35&#8243;][vc_column_inner width=&#8221;1\/3&#8243;]<div class=\"porto-ultimate-content-box-container \"><style>.porto_ucb_e4b01a0f5a32a6191b5cda4977dd0fa3{will-change: box-shadow;box-shadow: none;}.porto_ucb_e4b01a0f5a32a6191b5cda4977dd0fa3:hover{box-shadow:0px 0px 20px 1px #d1d1d1}<\/style><div class=\"porto-ultimate-content-box vc_custom_1640106155671 has-content-pos justify-content-center porto_ucb_e4b01a0f5a32a6191b5cda4977dd0fa3\" style=\"background-color:#ffffff;border:1px solid #d1d1d1;min-height:100%;\" data-bg=\"#ffffff\"><a aria-label=\"Branding\" class=\"porto-sicon-box-link\" href=\"\/branding\/\"><div class=\"porto-sicon-box  wpb_custom_1efe903570d178ff0a9b7bfa5febd3a4 style_3 top-icon\"><div class=\"porto-sicon-top\"><div class=\"porto-just-icon-wrapper porto-sicon-img  porto-icon-9f5d1cfb45d27d96b50bf473aebba227\" style=\"font-size: 110px;\"><img decoding=\"async\" class=\"img-icon\" alt=\"Somos uma ag\u00eancia de design: P\u00e1ginas de Internet, Lojas Online, Branding, Design Gr\u00e1fico, Design Editorial.\" src=\"https:\/\/hagsdesign.com\/wp-content\/uploads\/2021\/12\/icon-branding.jpg\" width=\"110\" height=\"70\" \/><\/div><\/div><div class=\"porto-sicon-header\"><h6 class=\"porto-sicon-title\" style=\"\">Branding<\/h6><\/div> <!-- header --><\/div><!-- porto-sicon-box --><\/a><\/div><\/div>[\/vc_column_inner][vc_column_inner width=&#8221;1\/3&#8243;]<div class=\"porto-ultimate-content-box-container \"><style>.porto_ucb_e4b01a0f5a32a6191b5cda4977dd0fa3{will-change: box-shadow;box-shadow: none;}.porto_ucb_e4b01a0f5a32a6191b5cda4977dd0fa3:hover{box-shadow:0px 0px 20px 1px #d1d1d1}<\/style><div class=\"porto-ultimate-content-box vc_custom_1640106193627 has-content-pos justify-content-center porto_ucb_e4b01a0f5a32a6191b5cda4977dd0fa3\" style=\"background-color:#ffffff;border:1px solid #d1d1d1;\" data-bg=\"#ffffff\"><a aria-label=\"Graphic Design\" class=\"porto-sicon-box-link\" href=\"\/design-grafico\/\"><div class=\"porto-sicon-box  wpb_custom_6bd3ea43243bb56571d580d187f8d1d7 style_3 top-icon\"><div class=\"porto-sicon-top\"><div class=\"porto-just-icon-wrapper porto-sicon-img  porto-icon-9f5d1cfb45d27d96b50bf473aebba227\" style=\"font-size: 110px;\"><img decoding=\"async\" class=\"img-icon\" alt=\"Somos uma ag\u00eancia de design: P\u00e1ginas de Internet, Lojas Online, Branding, Design Gr\u00e1fico, Design Editorial.\" src=\"https:\/\/hagsdesign.com\/wp-content\/uploads\/2021\/12\/icon-design-grafico.jpg\" width=\"110\" height=\"70\" \/><\/div><\/div><div class=\"porto-sicon-header\"><h6 class=\"porto-sicon-title\" style=\"\">Graphic Design<\/h6><\/div> <!-- header --><\/div><!-- porto-sicon-box --><\/a><\/div><\/div>[\/vc_column_inner][vc_column_inner width=&#8221;1\/3&#8243;]<div class=\"porto-ultimate-content-box-container \"><style>.porto_ucb_e4b01a0f5a32a6191b5cda4977dd0fa3{will-change: box-shadow;box-shadow: none;}.porto_ucb_e4b01a0f5a32a6191b5cda4977dd0fa3:hover{box-shadow:0px 0px 20px 1px #d1d1d1}<\/style><div class=\"porto-ultimate-content-box vc_custom_1640106199695 has-content-pos justify-content-center porto_ucb_e4b01a0f5a32a6191b5cda4977dd0fa3\" style=\"background-color:#ffffff;border:1px solid #d1d1d1;\" data-bg=\"#ffffff\"><a aria-label=\"Editorial Design\" class=\"porto-sicon-box-link\" href=\"\/design-editorial\/\"><div class=\"porto-sicon-box  wpb_custom_6bd3ea43243bb56571d580d187f8d1d7 style_3 top-icon\"><div class=\"porto-sicon-top\"><div class=\"porto-just-icon-wrapper porto-sicon-img  porto-icon-9f5d1cfb45d27d96b50bf473aebba227\" style=\"font-size: 110px;\"><img decoding=\"async\" class=\"img-icon\" alt=\"Design Editorial\" src=\"https:\/\/hagsdesign.com\/wp-content\/uploads\/2021\/12\/icon-design-editorial.jpg\" width=\"110\" height=\"70\" \/><\/div><\/div><div class=\"porto-sicon-header\"><h6 class=\"porto-sicon-title\" style=\"\">Editorial Design<\/h6><\/div> <!-- header --><\/div><!-- porto-sicon-box --><\/a><\/div><\/div>[\/vc_column_inner][\/vc_row_inner][\/vc_column][\/vc_row][vc_row][vc_column]<div class=\"porto-block\" data-id=\"1813\"><style>.vc_custom_1640118475832{padding-top: 50px !important;padding-bottom: 25px !important;background-color: #000000 !important;}.vc_custom_1640101522596{margin-top: 0px !important;margin-bottom: 0px !important;}.vc_custom_1687174381481{margin-top: 25px !important;}.wpb_custom_a524d8dafc8cd831d6426ad82dd2df33.porto-u-heading .porto-u-main-heading > *{line-height:1;text-transform:none;}.wpb_custom_c90efcc07e846f13bbb773f2c5176450.porto-btn{font-size:14px;text-transform:none;}<\/style>[vc_row full_width=\"stretch_row_content\" content_placement=\"middle\" css=\".vc_custom_1640118475832{padding-top: 50px !important;padding-bottom: 25px !important;background-color: #000000 !important;}\"][vc_column css=\".vc_custom_1640101522596{margin-top: 0px !important;margin-bottom: 0px !important;}\"]<div class=\"porto-u-heading  wpb_custom_a524d8dafc8cd831d6426ad82dd2df33 porto-u-55ca8359258f9a412be7e73af65d2aac \"><div class=\"porto-u-main-heading\"><h2   style=\"color:#ffffff;margin-bottom: 15px;\">Ask for Quote<\/h2><\/div><div class=\"porto-u-sub-heading\" style=\"color: #ffffff;\">Describe us your project and we will answer your request within 24 hours!<\/div><style>.porto-u-55ca8359258f9a412be7e73af65d2aac.porto-u-heading{text-align:center}<\/style><\/div><div class=\"porto-btn-ctn-center \"><a class=\"porto-btn  vc_custom_1687174381481 porto-adjust-bottom-margin porto-btn-custom porto-btn-left-bg   wpb_custom_c90efcc07e846f13bbb773f2c5176450  porto-btn-center \"  rel='' href = \"\/en\/ask-for-quote\/\"  data-hover=\"#ffffff\" data-border-color=\"#000000\" data-bg=\"#ffffff\" data-hover-bg=\"#000000\" data-border-hover=\"#000000\" data-shadow-click=\"none\" data-shadow=\"\" style=\"padding:10px 30px;border-width:1px;border-color:#000000;border-style:solid;background: #ffffff;color: #000000;\"><span class=\"porto-btn-hover\" style=\"background-color:#000000\"><\/span><span class=\"porto-btn-data porto-btn-text \" >CLICK HERE<\/span><\/a><\/div>[\/vc_column][\/vc_row]<\/div>[\/vc_column][\/vc_row]<\/p>\n<\/div>","protected":false},"excerpt":{"rendered":"<p>[vc_row gap=&#8221;35&#8243; css=&#8221;.vc_custom_1640192935792{margin-bottom: 50px !important;}&#8221;][vc_column width=&#8221;1\/2&#8243; is_sticky=&#8221;yes&#8221; sticky_min_width=&#8221;767&#8243; sticky_top=&#8221;110&#8243; sticky_bottom=&#8221;0&#8243;][vc_column_text css=&#8221;&#8221;]HAGS Design offers personalised solutions for all kinds of projects. Starting with your company&#8217;s branding, website, blogs, landing pages, online shops&#8230; We&#8217;re ready to realise all your projects![\/vc_column_text][vc_progress_bar values=&#8221;%5B%7B%22label%22%3A%22Wordpress%22%2C%22value%22%3A%2285%22%7D%2C%7B%22label%22%3A%22UX%20Design%22%2C%22value%22%3A%2280%22%7D%2C%7B%22label%22%3A%22Woocommerce%22%2C%22value%22%3A%2280%22%7D%2C%7B%22label%22%3A%22Digital%20Marketing%22%2C%22value%22%3A%2270%22%7D%2C%7B%22label%22%3A%22Graphic%20Design%22%2C%22value%22%3A%2280%22%7D%5D&#8221; css=&#8221;&#8221;][\/vc_column][vc_column width=&#8221;1\/2&#8243;][vc_single_image image=&#8221;503&#8243; img_size=&#8221;672&#215;672&#8243;][vc_single_image image=&#8221;510&#8243; img_size=&#8221;672&#215;672&#8243;][vc_single_image image=&#8221;512&#8243; img_size=&#8221;672&#215;672&#8243;][vc_single_image image=&#8221;508&#8243; img_size=&#8221;672&#215;672&#8243;][\/vc_column][\/vc_row][vc_row css=&#8221;.vc_custom_1640106228096{margin-bottom: 50px !important;}&#8221;][vc_column][vc_row_inner gap=&#8221;35&#8243;][vc_column_inner width=&#8221;1\/3&#8243;][\/vc_column_inner][vc_column_inner width=&#8221;1\/3&#8243;][\/vc_column_inner][vc_column_inner [&hellip;]<\/p>\n","protected":false},"author":1,"featured_media":1100,"parent":0,"menu_order":0,"comment_status":"closed","ping_status":"closed","template":"","meta":{"inline_featured_image":false,"_monsterinsights_skip_tracking":false,"_monsterinsights_sitenote_active":false,"_monsterinsights_sitenote_note":"","_monsterinsights_sitenote_category":0,"footnotes":""},"class_list":["post-2185","page","type-page","status-publish","has-post-thumbnail","hentry"],"yoast_head":"<!-- This site is optimized with the Yoast SEO Premium plugin v22.1 (Yoast SEO v27.3) - https:\/\/yoast.com\/product\/yoast-seo-premium-wordpress\/ -->\n<title>About &#187; HAGS - Graphic &amp; Web<\/title>\n<meta name=\"description\" content=\"About HAGS - Graphic &amp; Web specialises in WordPress, Woocommerce, UX and Graphic Design. We offer customised solutions for your projects.\" \/>\n<meta name=\"robots\" content=\"index, follow, max-snippet:-1, max-image-preview:large, max-video-preview:-1\" \/>\n<link rel=\"canonical\" href=\"https:\/\/hagsdesign.com\/sobre\/\" \/>\n<meta property=\"og:locale\" content=\"en_US\" \/>\n<meta property=\"og:type\" content=\"article\" \/>\n<meta property=\"og:title\" content=\"About &#187; HAGS - Graphic &amp; Web\" \/>\n<meta property=\"og:description\" content=\"About HAGS - Graphic &amp; Web specialises in WordPress, Woocommerce, UX and Graphic Design. We offer customised solutions for your projects.\" \/>\n<meta property=\"og:url\" content=\"https:\/\/hagsdesign.com\/sobre\/\" \/>\n<meta property=\"og:site_name\" content=\"HAGS - Graphic &amp; Web\" \/>\n<meta property=\"article:publisher\" content=\"https:\/\/www.facebook.com\/HAGS.DESIGN\" \/>\n<meta property=\"article:modified_time\" content=\"2024-10-23T10:01:46+00:00\" \/>\n<meta property=\"og:image\" content=\"https:\/\/hagsdesign.com\/wp-content\/uploads\/2021\/12\/logo-redes-sociais-2.jpg\" \/>\n\t<meta property=\"og:image:width\" content=\"401\" \/>\n\t<meta property=\"og:image:height\" content=\"401\" \/>\n\t<meta property=\"og:image:type\" content=\"image\/jpeg\" \/>\n<meta name=\"twitter:card\" content=\"summary_large_image\" \/>\n<meta name=\"twitter:label1\" content=\"Est. reading time\" \/>\n\t<meta name=\"twitter:data1\" content=\"2 minutes\" \/>\n<script type=\"application\/ld+json\" class=\"yoast-schema-graph\">{\"@context\":\"https:\\\/\\\/schema.org\",\"@graph\":[{\"@type\":[\"WebPage\",\"ItemPage\"],\"@id\":\"https:\\\/\\\/hagsdesign.com\\\/sobre\\\/\",\"url\":\"https:\\\/\\\/hagsdesign.com\\\/sobre\\\/\",\"name\":\"About &#187; HAGS - Graphic &amp; Web\",\"isPartOf\":{\"@id\":\"https:\\\/\\\/hagsdesign.com\\\/#website\"},\"primaryImageOfPage\":{\"@id\":\"https:\\\/\\\/hagsdesign.com\\\/sobre\\\/#primaryimage\"},\"image\":{\"@id\":\"https:\\\/\\\/hagsdesign.com\\\/sobre\\\/#primaryimage\"},\"thumbnailUrl\":\"https:\\\/\\\/hagsdesign.com\\\/wp-content\\\/uploads\\\/2021\\\/12\\\/logo-redes-sociais-2.jpg\",\"datePublished\":\"2021-12-21T16:19:38+00:00\",\"dateModified\":\"2024-10-23T10:01:46+00:00\",\"description\":\"About HAGS - Graphic & Web specialises in WordPress, Woocommerce, UX and Graphic Design. We offer customised solutions for your projects.\",\"breadcrumb\":{\"@id\":\"https:\\\/\\\/hagsdesign.com\\\/sobre\\\/#breadcrumb\"},\"inLanguage\":\"en-US\",\"potentialAction\":[{\"@type\":\"ReadAction\",\"target\":[\"https:\\\/\\\/hagsdesign.com\\\/sobre\\\/\"]}]},{\"@type\":\"ImageObject\",\"inLanguage\":\"en-US\",\"@id\":\"https:\\\/\\\/hagsdesign.com\\\/sobre\\\/#primaryimage\",\"url\":\"https:\\\/\\\/hagsdesign.com\\\/wp-content\\\/uploads\\\/2021\\\/12\\\/logo-redes-sociais-2.jpg\",\"contentUrl\":\"https:\\\/\\\/hagsdesign.com\\\/wp-content\\\/uploads\\\/2021\\\/12\\\/logo-redes-sociais-2.jpg\",\"width\":401,\"height\":401,\"caption\":\"HAGS - Graphic & Web\"},{\"@type\":\"BreadcrumbList\",\"@id\":\"https:\\\/\\\/hagsdesign.com\\\/sobre\\\/#breadcrumb\",\"itemListElement\":[{\"@type\":\"ListItem\",\"position\":1,\"name\":\"Home\",\"item\":\"https:\\\/\\\/hagsdesign.com\\\/en\\\/\"},{\"@type\":\"ListItem\",\"position\":2,\"name\":\"About\"}]},{\"@type\":\"WebSite\",\"@id\":\"https:\\\/\\\/hagsdesign.com\\\/#website\",\"url\":\"https:\\\/\\\/hagsdesign.com\\\/\",\"name\":\"HAGS - Graphic & Web\",\"description\":\"Somos uma ag\u00eancia de design na \u00e1rea de P\u00e1ginas de Internet, Lojas Online, Branding, Design Gr\u00e1fico, Design Editorial. Portim\u00e3o \\\/ Algarve\",\"publisher\":{\"@id\":\"https:\\\/\\\/hagsdesign.com\\\/#organization\"},\"alternateName\":\"HAGS - Ag\u00eancia de Design Gr\u00e1fico e Websites e Lojas Online\",\"potentialAction\":[{\"@type\":\"SearchAction\",\"target\":{\"@type\":\"EntryPoint\",\"urlTemplate\":\"https:\\\/\\\/hagsdesign.com\\\/?s={search_term_string}\"},\"query-input\":{\"@type\":\"PropertyValueSpecification\",\"valueRequired\":true,\"valueName\":\"search_term_string\"}}],\"inLanguage\":\"en-US\"},{\"@type\":\"Organization\",\"@id\":\"https:\\\/\\\/hagsdesign.com\\\/#organization\",\"name\":\"HAGS - Graphic & Web Design\",\"alternateName\":\"HAGS - Ag\u00eancia de Design Gr\u00e1fico e Web\",\"url\":\"https:\\\/\\\/hagsdesign.com\\\/\",\"logo\":{\"@type\":\"ImageObject\",\"inLanguage\":\"en-US\",\"@id\":\"https:\\\/\\\/hagsdesign.com\\\/#\\\/schema\\\/logo\\\/image\\\/\",\"url\":\"https:\\\/\\\/hagsdesign.com\\\/wp-content\\\/uploads\\\/2021\\\/12\\\/logo-redes-sociais-2.jpg\",\"contentUrl\":\"https:\\\/\\\/hagsdesign.com\\\/wp-content\\\/uploads\\\/2021\\\/12\\\/logo-redes-sociais-2.jpg\",\"width\":401,\"height\":401,\"caption\":\"HAGS - Graphic & Web Design\"},\"image\":{\"@id\":\"https:\\\/\\\/hagsdesign.com\\\/#\\\/schema\\\/logo\\\/image\\\/\"},\"sameAs\":[\"https:\\\/\\\/www.facebook.com\\\/HAGS.DESIGN\",\"https:\\\/\\\/www.instagram.com\\\/hags.design\\\/\"]}]}<\/script>\n<!-- \/ Yoast SEO Premium plugin. -->","yoast_head_json":{"title":"About &#187; HAGS - Graphic &amp; Web","description":"About HAGS - Graphic & Web specialises in WordPress, Woocommerce, UX and Graphic Design. We offer customised solutions for your projects.","robots":{"index":"index","follow":"follow","max-snippet":"max-snippet:-1","max-image-preview":"max-image-preview:large","max-video-preview":"max-video-preview:-1"},"canonical":"https:\/\/hagsdesign.com\/sobre\/","og_locale":"en_US","og_type":"article","og_title":"About &#187; HAGS - Graphic &amp; Web","og_description":"About HAGS - Graphic & Web specialises in WordPress, Woocommerce, UX and Graphic Design. We offer customised solutions for your projects.","og_url":"https:\/\/hagsdesign.com\/sobre\/","og_site_name":"HAGS - Graphic &amp; Web","article_publisher":"https:\/\/www.facebook.com\/HAGS.DESIGN","article_modified_time":"2024-10-23T10:01:46+00:00","og_image":[{"width":401,"height":401,"url":"https:\/\/hagsdesign.com\/wp-content\/uploads\/2021\/12\/logo-redes-sociais-2.jpg","type":"image\/jpeg"}],"twitter_card":"summary_large_image","twitter_misc":{"Est. reading time":"2 minutes"},"schema":{"@context":"https:\/\/schema.org","@graph":[{"@type":["WebPage","ItemPage"],"@id":"https:\/\/hagsdesign.com\/sobre\/","url":"https:\/\/hagsdesign.com\/sobre\/","name":"About &#187; HAGS - Graphic &amp; Web","isPartOf":{"@id":"https:\/\/hagsdesign.com\/#website"},"primaryImageOfPage":{"@id":"https:\/\/hagsdesign.com\/sobre\/#primaryimage"},"image":{"@id":"https:\/\/hagsdesign.com\/sobre\/#primaryimage"},"thumbnailUrl":"https:\/\/hagsdesign.com\/wp-content\/uploads\/2021\/12\/logo-redes-sociais-2.jpg","datePublished":"2021-12-21T16:19:38+00:00","dateModified":"2024-10-23T10:01:46+00:00","description":"About HAGS - Graphic & Web specialises in WordPress, Woocommerce, UX and Graphic Design. We offer customised solutions for your projects.","breadcrumb":{"@id":"https:\/\/hagsdesign.com\/sobre\/#breadcrumb"},"inLanguage":"en-US","potentialAction":[{"@type":"ReadAction","target":["https:\/\/hagsdesign.com\/sobre\/"]}]},{"@type":"ImageObject","inLanguage":"en-US","@id":"https:\/\/hagsdesign.com\/sobre\/#primaryimage","url":"https:\/\/hagsdesign.com\/wp-content\/uploads\/2021\/12\/logo-redes-sociais-2.jpg","contentUrl":"https:\/\/hagsdesign.com\/wp-content\/uploads\/2021\/12\/logo-redes-sociais-2.jpg","width":401,"height":401,"caption":"HAGS - Graphic & Web"},{"@type":"BreadcrumbList","@id":"https:\/\/hagsdesign.com\/sobre\/#breadcrumb","itemListElement":[{"@type":"ListItem","position":1,"name":"Home","item":"https:\/\/hagsdesign.com\/en\/"},{"@type":"ListItem","position":2,"name":"About"}]},{"@type":"WebSite","@id":"https:\/\/hagsdesign.com\/#website","url":"https:\/\/hagsdesign.com\/","name":"HAGS - Graphic & Web","description":"Somos uma ag\u00eancia de design na \u00e1rea de P\u00e1ginas de Internet, Lojas Online, Branding, Design Gr\u00e1fico, Design Editorial. Portim\u00e3o \/ Algarve","publisher":{"@id":"https:\/\/hagsdesign.com\/#organization"},"alternateName":"HAGS - Ag\u00eancia de Design Gr\u00e1fico e Websites e Lojas Online","potentialAction":[{"@type":"SearchAction","target":{"@type":"EntryPoint","urlTemplate":"https:\/\/hagsdesign.com\/?s={search_term_string}"},"query-input":{"@type":"PropertyValueSpecification","valueRequired":true,"valueName":"search_term_string"}}],"inLanguage":"en-US"},{"@type":"Organization","@id":"https:\/\/hagsdesign.com\/#organization","name":"HAGS - Graphic & Web Design","alternateName":"HAGS - Ag\u00eancia de Design Gr\u00e1fico e Web","url":"https:\/\/hagsdesign.com\/","logo":{"@type":"ImageObject","inLanguage":"en-US","@id":"https:\/\/hagsdesign.com\/#\/schema\/logo\/image\/","url":"https:\/\/hagsdesign.com\/wp-content\/uploads\/2021\/12\/logo-redes-sociais-2.jpg","contentUrl":"https:\/\/hagsdesign.com\/wp-content\/uploads\/2021\/12\/logo-redes-sociais-2.jpg","width":401,"height":401,"caption":"HAGS - Graphic & Web Design"},"image":{"@id":"https:\/\/hagsdesign.com\/#\/schema\/logo\/image\/"},"sameAs":["https:\/\/www.facebook.com\/HAGS.DESIGN","https:\/\/www.instagram.com\/hags.design\/"]}]}},"_links":{"self":[{"href":"https:\/\/hagsdesign.com\/en\/wp-json\/wp\/v2\/pages\/2185","targetHints":{"allow":["GET"]}}],"collection":[{"href":"https:\/\/hagsdesign.com\/en\/wp-json\/wp\/v2\/pages"}],"about":[{"href":"https:\/\/hagsdesign.com\/en\/wp-json\/wp\/v2\/types\/page"}],"author":[{"embeddable":true,"href":"https:\/\/hagsdesign.com\/en\/wp-json\/wp\/v2\/users\/1"}],"replies":[{"embeddable":true,"href":"https:\/\/hagsdesign.com\/en\/wp-json\/wp\/v2\/comments?post=2185"}],"version-history":[{"count":0,"href":"https:\/\/hagsdesign.com\/en\/wp-json\/wp\/v2\/pages\/2185\/revisions"}],"wp:featuredmedia":[{"embeddable":true,"href":"https:\/\/hagsdesign.com\/en\/wp-json\/wp\/v2\/media\/1100"}],"wp:attachment":[{"href":"https:\/\/hagsdesign.com\/en\/wp-json\/wp\/v2\/media?parent=2185"}],"curies":[{"name":"wp","href":"https:\/\/api.w.org\/{rel}","templated":true}]}}